{"id":2354,"date":"2019-03-01T09:52:49","date_gmt":"2019-03-01T08:52:49","guid":{"rendered":"https:\/\/understanding-israel.at\/?page_id=2354"},"modified":"2023-05-25T01:11:04","modified_gmt":"2023-05-24T23:11:04","slug":"kontakt-impressum","status":"publish","type":"page","link":"https:\/\/understanding-israel.at\/en\/kontakt-impressum\/","title":{"rendered":"Contact &amp; Imprint"},"content":{"rendered":"<p><div class=\"fusion-fullwidth fullwidth-box fusion-builder-row-1 nonhundred-percent-fullwidth non-hundred-percent-height-scrolling\" style=\"background-color: rgba(255,255,255,0);background-position: left top;background-repeat: no-repeat;padding-top:50px;padding-right:0px;padding-bottom:50px;padding-left:0px;margin-bottom: 0px;margin-top: 0px;border-width: 0px 0px 0px 0px;border-color:#e7e4e2;border-style:solid;\" ><div class=\"fusion-builder-row fusion-row\"><div class=\"fusion-layout-column fusion_builder_column fusion-builder-column-0 fusion_builder_column_1_1 1_1 fusion-one-full fusion-column-first fusion-column-last fusion-column-no-min-height\" style=\"margin-top:10px;margin-bottom:10px;\"><div class=\"fusion-column-wrapper fusion-flex-column-wrapper-legacy\" style=\"background-position:left top;background-repeat:no-repeat;-webkit-background-size:cover;-moz-background-size:cover;-o-background-size:cover;background-size:cover;padding: 0px 0px 0px 0px;\"><div class=\"fusion-text fusion-text-1\"><h1 style=\"text-align: center;\">KONTAKT<\/h1>\n<\/div><div class=\"fusion-sep-clear\"><\/div><div class=\"fusion-separator\" style=\"margin-left: auto;margin-right: auto;margin-bottom:25px;width:100%;max-width:240px;\"><div class=\"fusion-separator-border sep-single sep-solid\" style=\"border-color:#c71621;border-top-width:2px;\"><\/div><\/div><div class=\"fusion-sep-clear\"><\/div><div class=\"fusion-text fusion-text-2\"><h4><\/h4>\n<h4 style=\"text-align: center;\"><span style=\"font-weight: 400;\">Austrian Service Abroad<\/span><\/h4>\n<p style=\"text-align: center;\"><span style=\"font-weight: 400;\">Esterhazygasse 11A\/2-3, 1060 Wien<br \/>\n<\/span>E-Mail: <a href=\"mailto:ui@auslandsdienst.at\">ui@auslandsdienst.at<\/a><\/p>\n<\/div><div class=\"fusion-sep-clear\"><\/div><div class=\"fusion-separator fusion-full-width-sep\" style=\"margin-left: auto;margin-right: auto;margin-top:50px;width:100%;\"><div class=\"fusion-separator-border sep-single sep-solid\" style=\"border-color:#c71621;border-top-width:1px;\"><\/div><\/div><div class=\"fusion-sep-clear\"><\/div><div class=\"fusion-clearfix\"><\/div><\/div><\/div><\/div><\/div><div class=\"fusion-fullwidth fullwidth-box fusion-builder-row-2 nonhundred-percent-fullwidth non-hundred-percent-height-scrolling\" style=\"background-color: rgba(255,255,255,0);background-position: center center;background-repeat: no-repeat;padding-top:0px;padding-right:0px;padding-bottom:0px;padding-left:0px;margin-bottom: 0px;margin-top: 0px;border-width: 0px 0px 0px 0px;border-color:#e7e4e2;border-style:solid;\" ><div class=\"fusion-builder-row fusion-row\"><div class=\"fusion-layout-column fusion_builder_column fusion-builder-column-1 fusion_builder_column_1_1 1_1 fusion-one-full fusion-column-first fusion-column-last\" style=\"margin-top:10px;margin-bottom:10px;\"><div class=\"fusion-column-wrapper fusion-flex-column-wrapper-legacy\" style=\"background-position:left top;background-repeat:no-repeat;-webkit-background-size:cover;-moz-background-size:cover;-o-background-size:cover;background-size:cover;padding: 0px 0px 0px 0px;\"><style type=\"text\/css\"><\/style><div class=\"fusion-title title fusion-title-1 fusion-title-text fusion-title-size-one\" style=\"margin-top:0px;margin-right:0px;margin-bottom:30px;margin-left:0px;\"><h1 class=\"title-heading-left fusion-responsive-typography-calculated\" style=\"margin:0;--fontSize:40;line-height:1.15;\"><h2>Impressum<\/h2><\/h1><div class=\"title-sep-container\"><div class=\"title-sep sep-\" style=\"border-color:#e7e4e2;\"><\/div><\/div><\/div><div class=\"fusion-text fusion-text-3\"><p><strong>Informationen gem. Mediengesetz und ECG:<\/strong><\/p>\n<p>Austrian Service Abroad<br \/>\nVorsitzender: Tobias Aigner<br \/>\nZVR-Zahl: 404125867<\/p>\n<p>Sitz: Wien<br \/>\nAnschrift: Esterhazygasse 11a\/2-3, 1060 Wien<\/p>\n<p>E-Mail:\u00a0<span id=\"eeb-491415\"><a class=\"mailto-link\" href=\"mailto:info@auslandsdienst.at\">info@auslandsdienst.at<\/a><\/span><\/p>\n<p>Blattlinie: Aufkl\u00e4rung rund um den \u00d6sterreichischen\u00a0Auslandsdienst, dessen Einsatzstellen und den Auslandsdienst im Allgemeinen.<\/p>\n<ol>\n<li>Der Verein ist nicht auf Gewinn gerichtet und dient ausschlie\u00dflich gemeinn\u00fctzigen Zwecken.<\/li>\n<li>Der Verein hat den Zweck, Dienste im Ausland im Sinne des \u00a7 26 Freiwilligengesetz anzubieten.<\/li>\n<li>Der Verein ist bem\u00fcht, durch Auswahl der zuk\u00fcnftigen Mitarbeiter den Einsatzstellen eine echte Hilfe anzubieten und und damit den Interessen und dem Ansehen der Republik \u00d6sterreich zu dienen.<\/li>\n<\/ol>\n<h4>URHEBERRECHT<\/h4>\n<p>S\u00e4mtliche Inhalte der Website sind rechtlich gesch\u00fctzt. Das Verwenden, Vervielf\u00e4ltigen sowie Ver\u00e4ndern der Inhalte\/Texte, Bilder etc. bedarf einer schriftlichen Genehmigung des Seitenbetreibers. Das reine Verlinken auf alle Inhalte dieser Website ist jedoch erlaubt und bedarf keiner besonderen Genehmigung, sofern der Quellennachweis in Form eines Linkes und dementsprechender Beschriftung gesetzt wird.<\/p>\n<h4>EXTERNE LINKS<\/h4>\n<p>Die Website enth\u00e4lt sog. \u201eexterne Links\u201c (Verlinkungen) zu anderen Websites, auf deren Inhalt der Websitebetreiber keinen Einfluss hat. Aus diesem Grund kann der Websitebetreiber f\u00fcr diese Inhalte auch keine Gew\u00e4hr \u00fcbernehmen. F\u00fcr die Inhalte und Richtigkeit der bereitgestellten Informationen ist der jeweilige Anbieter der verlinkten Website verantwortlich. Zum Zeitpunkt der Verlinkung waren keine Rechtsverst\u00f6\u00dfe erkennbar. Bei Bekanntwerden einer solchen Rechtsverletzung wird der Link umgehend entfernt.<\/p>\n<\/div><div class=\"fusion-text fusion-text-4\"><h4>BILDNACHWEISE<\/h4>\n<p>Home: Header \u00a9 guillaumedegermain\/Unsplash &amp; Monkey Business Images\/Shutterstock; Warum Israel \u00a9 coleito\/Unsplash<br \/>\nEinsatzstellen: Header Na&#8217;amat Kindertagesst\u00e4tten \u00a9 markusspiske\/Unsplash; Header Loewenstein Rehabilitation Center \u00a9 rawpixel\/Unsplash<br \/>\nDas bieten wir dir: Versicherung &amp; Visum \u00a9 shaipal\/Unsplash; Welche Kosten muss ich selbst \u00fcbernehmen \u00a9 lalasza\/Unsplash<br \/>\nFAQ: Header \u00a9 bewakoofofficial\/Unsplash<br \/>\nAlle anderen Fotos: \u00a9 Verein \u00d6sterreichischer Auslandsdienst oder Israeli Volunteer Association<\/p>\n<h4>GRAFIK<\/h4>\n<p><a href=\"https:\/\/lublasser.com\/\">Philipp Lublasser, Lublasser Werbeagentur<\/a><\/p>\n<h4>WEBDESIGN<\/h4>\n<p><a href=\"https:\/\/www.digitalnomadin.at\/\">Natalie Opocensky, DigitalNomadin e.U.<\/a><\/p>\n<\/div><div class=\"fusion-sep-clear\"><\/div><div class=\"fusion-separator fusion-full-width-sep\" style=\"margin-left: auto;margin-right: auto;margin-top:30px;width:100%;\"><\/div><div class=\"fusion-sep-clear\"><\/div><div class=\"fusion-clearfix\"><\/div><\/div><\/div><\/div><\/div><\/p>","protected":false},"excerpt":{"rendered":"","protected":false},"author":1,"featured_media":0,"parent":0,"menu_order":0,"comment_status":"closed","ping_status":"closed","template":"100-width.php","meta":[],"yoast_head":"<!-- This site is optimized with the Yoast SEO plugin v20.3 - https:\/\/yoast.com\/wordpress\/plugins\/seo\/ -->\n<title>Kontakt &amp; Impressum &ndash; Understanding Israel &ndash; Sozialdienst in Israel<\/title>\n<meta name=\"description\" content=\"Kontakt und Impressum - Understanding Israel - Sozialdienst in Israel, ein Programm des Vereins \u00d6sterreichischer Auslandsdienst.\" \/>\n<meta name=\"robots\" content=\"index, follow, max-snippet:-1, max-image-preview:large, max-video-preview:-1\" \/>\n<link rel=\"canonical\" href=\"https:\/\/understanding-israel.at\/en\/kontakt-impressum\/\" \/>\n<meta property=\"og:locale\" content=\"en_US\" \/>\n<meta property=\"og:type\" content=\"article\" \/>\n<meta property=\"og:title\" content=\"Kontakt &amp; Impressum &ndash; Understanding Israel &ndash; Sozialdienst in Israel\" \/>\n<meta property=\"og:description\" content=\"Kontakt und Impressum - Understanding Israel - Sozialdienst in Israel, ein Programm des Vereins \u00d6sterreichischer Auslandsdienst.\" \/>\n<meta property=\"og:url\" content=\"https:\/\/understanding-israel.at\/en\/kontakt-impressum\/\" \/>\n<meta property=\"og:site_name\" content=\"Understanding Israel\" \/>\n<meta property=\"article:publisher\" content=\"https:\/\/understanding-israel.at\/\" \/>\n<meta property=\"article:modified_time\" content=\"2023-05-24T23:11:04+00:00\" \/>\n<meta name=\"twitter:card\" content=\"summary_large_image\" \/>\n<meta name=\"twitter:label1\" content=\"Est. reading time\" \/>\n\t<meta name=\"twitter:data1\" content=\"4 minutes\" \/>\n<script type=\"application\/ld+json\" class=\"yoast-schema-graph\">{\"@context\":\"https:\/\/schema.org\",\"@graph\":[{\"@type\":\"WebPage\",\"@id\":\"https:\/\/understanding-israel.at\/kontakt-impressum\/\",\"url\":\"https:\/\/understanding-israel.at\/kontakt-impressum\/\",\"name\":\"Kontakt & Impressum &ndash; Understanding Israel &ndash; Sozialdienst in Israel\",\"isPartOf\":{\"@id\":\"https:\/\/understanding-israel.at\/#website\"},\"datePublished\":\"2019-03-01T08:52:49+00:00\",\"dateModified\":\"2023-05-24T23:11:04+00:00\",\"description\":\"Kontakt und Impressum - Understanding Israel - Sozialdienst in Israel, ein Programm des Vereins \u00d6sterreichischer Auslandsdienst.\",\"breadcrumb\":{\"@id\":\"https:\/\/understanding-israel.at\/kontakt-impressum\/#breadcrumb\"},\"inLanguage\":\"en-US\",\"potentialAction\":[{\"@type\":\"ReadAction\",\"target\":[\"https:\/\/understanding-israel.at\/kontakt-impressum\/\"]}]},{\"@type\":\"BreadcrumbList\",\"@id\":\"https:\/\/understanding-israel.at\/kontakt-impressum\/#breadcrumb\",\"itemListElement\":[{\"@type\":\"ListItem\",\"position\":1,\"name\":\"Startseite\",\"item\":\"https:\/\/understanding-israel.at\/\"},{\"@type\":\"ListItem\",\"position\":2,\"name\":\"Kontakt &#038; Impressum\"}]},{\"@type\":\"WebSite\",\"@id\":\"https:\/\/understanding-israel.at\/#website\",\"url\":\"https:\/\/understanding-israel.at\/\",\"name\":\"Understanding Israel\",\"description\":\"\",\"publisher\":{\"@id\":\"https:\/\/understanding-israel.at\/#organization\"},\"potentialAction\":[{\"@type\":\"SearchAction\",\"target\":{\"@type\":\"EntryPoint\",\"urlTemplate\":\"https:\/\/understanding-israel.at\/?s={search_term_string}\"},\"query-input\":\"required name=search_term_string\"}],\"inLanguage\":\"en-US\"},{\"@type\":\"Organization\",\"@id\":\"https:\/\/understanding-israel.at\/#organization\",\"name\":\"Understanding Israel - Sozialdienst in Israel\",\"url\":\"https:\/\/understanding-israel.at\/\",\"logo\":{\"@type\":\"ImageObject\",\"inLanguage\":\"en-US\",\"@id\":\"https:\/\/understanding-israel.at\/#\/schema\/logo\/image\/\",\"url\":\"https:\/\/understanding-israel.at\/wp-content\/uploads\/2019\/02\/Logo_Understanding_Israel_big.png\",\"contentUrl\":\"https:\/\/understanding-israel.at\/wp-content\/uploads\/2019\/02\/Logo_Understanding_Israel_big.png\",\"width\":1000,\"height\":221,\"caption\":\"Understanding Israel - Sozialdienst in Israel\"},\"image\":{\"@id\":\"https:\/\/understanding-israel.at\/#\/schema\/logo\/image\/\"},\"sameAs\":[\"https:\/\/understanding-israel.at\/\",\"https:\/\/www.instagram.com\/auslandsdienst\/\",\"https:\/\/www.youtube.com\/channel\/UCxthcj82jHjVuJX99brXPQA\"]}]}<\/script>\n<!-- \/ Yoast SEO plugin. -->","yoast_head_json":{"title":"Kontakt & Impressum &ndash; Understanding Israel &ndash; Sozialdienst in Israel","description":"Kontakt und Impressum - Understanding Israel - Sozialdienst in Israel, ein Programm des Vereins \u00d6sterreichischer Auslandsdienst.","robots":{"index":"index","follow":"follow","max-snippet":"max-snippet:-1","max-image-preview":"max-image-preview:large","max-video-preview":"max-video-preview:-1"},"canonical":"https:\/\/understanding-israel.at\/en\/kontakt-impressum\/","og_locale":"en_US","og_type":"article","og_title":"Kontakt & Impressum &ndash; Understanding Israel &ndash; Sozialdienst in Israel","og_description":"Kontakt und Impressum - Understanding Israel - Sozialdienst in Israel, ein Programm des Vereins \u00d6sterreichischer Auslandsdienst.","og_url":"https:\/\/understanding-israel.at\/en\/kontakt-impressum\/","og_site_name":"Understanding Israel","article_publisher":"https:\/\/understanding-israel.at\/","article_modified_time":"2023-05-24T23:11:04+00:00","twitter_card":"summary_large_image","twitter_misc":{"Est. reading time":"4 minutes"},"schema":{"@context":"https:\/\/schema.org","@graph":[{"@type":"WebPage","@id":"https:\/\/understanding-israel.at\/kontakt-impressum\/","url":"https:\/\/understanding-israel.at\/kontakt-impressum\/","name":"Kontakt & Impressum &ndash; Understanding Israel &ndash; Sozialdienst in Israel","isPartOf":{"@id":"https:\/\/understanding-israel.at\/#website"},"datePublished":"2019-03-01T08:52:49+00:00","dateModified":"2023-05-24T23:11:04+00:00","description":"Kontakt und Impressum - Understanding Israel - Sozialdienst in Israel, ein Programm des Vereins \u00d6sterreichischer Auslandsdienst.","breadcrumb":{"@id":"https:\/\/understanding-israel.at\/kontakt-impressum\/#breadcrumb"},"inLanguage":"en-US","potentialAction":[{"@type":"ReadAction","target":["https:\/\/understanding-israel.at\/kontakt-impressum\/"]}]},{"@type":"BreadcrumbList","@id":"https:\/\/understanding-israel.at\/kontakt-impressum\/#breadcrumb","itemListElement":[{"@type":"ListItem","position":1,"name":"Startseite","item":"https:\/\/understanding-israel.at\/"},{"@type":"ListItem","position":2,"name":"Kontakt &#038; Impressum"}]},{"@type":"WebSite","@id":"https:\/\/understanding-israel.at\/#website","url":"https:\/\/understanding-israel.at\/","name":"Understanding Israel","description":"","publisher":{"@id":"https:\/\/understanding-israel.at\/#organization"},"potentialAction":[{"@type":"SearchAction","target":{"@type":"EntryPoint","urlTemplate":"https:\/\/understanding-israel.at\/?s={search_term_string}"},"query-input":"required name=search_term_string"}],"inLanguage":"en-US"},{"@type":"Organization","@id":"https:\/\/understanding-israel.at\/#organization","name":"Understanding Israel - Sozialdienst in Israel","url":"https:\/\/understanding-israel.at\/","logo":{"@type":"ImageObject","inLanguage":"en-US","@id":"https:\/\/understanding-israel.at\/#\/schema\/logo\/image\/","url":"https:\/\/understanding-israel.at\/wp-content\/uploads\/2019\/02\/Logo_Understanding_Israel_big.png","contentUrl":"https:\/\/understanding-israel.at\/wp-content\/uploads\/2019\/02\/Logo_Understanding_Israel_big.png","width":1000,"height":221,"caption":"Understanding Israel - Sozialdienst in Israel"},"image":{"@id":"https:\/\/understanding-israel.at\/#\/schema\/logo\/image\/"},"sameAs":["https:\/\/understanding-israel.at\/","https:\/\/www.instagram.com\/auslandsdienst\/","https:\/\/www.youtube.com\/channel\/UCxthcj82jHjVuJX99brXPQA"]}]}},"_links":{"self":[{"href":"https:\/\/understanding-israel.at\/en\/wp-json\/wp\/v2\/pages\/2354"}],"collection":[{"href":"https:\/\/understanding-israel.at\/en\/wp-json\/wp\/v2\/pages"}],"about":[{"href":"https:\/\/understanding-israel.at\/en\/wp-json\/wp\/v2\/types\/page"}],"author":[{"embeddable":true,"href":"https:\/\/understanding-israel.at\/en\/wp-json\/wp\/v2\/users\/1"}],"replies":[{"embeddable":true,"href":"https:\/\/understanding-israel.at\/en\/wp-json\/wp\/v2\/comments?post=2354"}],"version-history":[{"count":26,"href":"https:\/\/understanding-israel.at\/en\/wp-json\/wp\/v2\/pages\/2354\/revisions"}],"predecessor-version":[{"id":2899,"href":"https:\/\/understanding-israel.at\/en\/wp-json\/wp\/v2\/pages\/2354\/revisions\/2899"}],"wp:attachment":[{"href":"https:\/\/understanding-israel.at\/en\/wp-json\/wp\/v2\/media?parent=2354"}],"curies":[{"name":"wp","href":"https:\/\/api.w.org\/{rel}","templated":true}]}}